{"id":259,"date":"2020-04-17T13:19:08","date_gmt":"2020-04-17T11:19:08","guid":{"rendered":"https:\/\/addsna.123.fr\/?page_id=259"},"modified":"2020-04-24T19:29:24","modified_gmt":"2020-04-24T17:29:24","slug":"zumba-en-ligne","status":"publish","type":"page","link":"https:\/\/addsna.123.fr\/?page_id=259","title":{"rendered":"ZUMBA en ligne"},"content":{"rendered":"\n<p>Pour ceux et celles qui souhaitent garder la forme voici les liens vers les s\u00e9ances anim\u00e9es par Lydia. Les vid\u00e9os se rajouteront au fur et \u00e0 mesure.<\/p>\n\n\n\n<ul class=\"wp-block-list\"><li><a href=\"https:\/\/drive.google.com\/open?id=1g85q_32mF2rxkTflk4jc28WmrZPc7JHy\">S\u00e9ance 1<\/a><\/li><li><a href=\"https:\/\/drive.google.com\/open?id=1h_t4PBd4Nc23734Z0wE3rEfjoYVulBBo\">S\u00e9ance 2<\/a><\/li><li><a href=\"https:\/\/drive.google.com\/open?id=1hYGRHwkf8X-5Bbrw6jKMkF4_ErpGvcjg\">S\u00e9ance 3<\/a><\/li><li><a href=\"https:\/\/drive.google.com\/open?id=1gJMQWlPjXpqGdvuKf1UvGYYPBYs5s8Lh\">S\u00e9ance 4<\/a><\/li><li><a href=\"https:\/\/drive.google.com\/open?id=1fF_ZLOIaQ3jajACCf-irIaZn8UhqXTuK\">S\u00e9ance 5<\/a><\/li><\/ul>\n","protected":false},"excerpt":{"rendered":"<p>Pour ceux et celles qui souhaitent garder la forme voici les liens vers les s\u00e9ances anim\u00e9es par Lydia. Les vid\u00e9os se rajouteront au fur et \u00e0 mesure. S\u00e9ance 1 S\u00e9ance 2 S\u00e9ance 3 S\u00e9ance 4 S\u00e9ance 5<\/p>\n","protected":false},"author":1,"featured_media":260,"parent":0,"menu_order":0,"comment_status":"closed","ping_status":"closed","template":"","meta":{"footnotes":""},"class_list":["post-259","page","type-page","status-publish","has-post-thumbnail","hentry"],"_links":{"self":[{"href":"https:\/\/addsna.123.fr\/index.php?rest_route=\/wp\/v2\/pages\/259","targetHints":{"allow":["GET"]}}],"collection":[{"href":"https:\/\/addsna.123.fr\/index.php?rest_route=\/wp\/v2\/pages"}],"about":[{"href":"https:\/\/addsna.123.fr\/index.php?rest_route=\/wp\/v2\/types\/page"}],"author":[{"embeddable":true,"href":"https:\/\/addsna.123.fr\/index.php?rest_route=\/wp\/v2\/users\/1"}],"replies":[{"embeddable":true,"href":"https:\/\/addsna.123.fr\/index.php?rest_route=%2Fwp%2Fv2%2Fcomments&post=259"}],"version-history":[{"count":3,"href":"https:\/\/addsna.123.fr\/index.php?rest_route=\/wp\/v2\/pages\/259\/revisions"}],"predecessor-version":[{"id":276,"href":"https:\/\/addsna.123.fr\/index.php?rest_route=\/wp\/v2\/pages\/259\/revisions\/276"}],"wp:featuredmedia":[{"embeddable":true,"href":"https:\/\/addsna.123.fr\/index.php?rest_route=\/wp\/v2\/media\/260"}],"wp:attachment":[{"href":"https:\/\/addsna.123.fr\/index.php?rest_route=%2Fwp%2Fv2%2Fmedia&parent=259"}],"curies":[{"name":"wp","href":"https:\/\/api.w.org\/{rel}","templated":true}]}}