{"id":270,"date":"2020-04-19T19:33:20","date_gmt":"2020-04-19T17:33:20","guid":{"rendered":"https:\/\/addsna.123.fr\/?page_id=270"},"modified":"2020-05-10T13:56:19","modified_gmt":"2020-05-10T11:56:19","slug":"gym-en-ligne","status":"publish","type":"page","link":"https:\/\/addsna.123.fr\/?page_id=270","title":{"rendered":"GYM en ligne"},"content":{"rendered":"\n<p>Voici les vid\u00e9os de gym pr\u00e9sent\u00e9es par Bernadette. De nouvelles s&rsquo;ajouteront au fur et \u00e0 mesure.<\/p>\n\n\n\n<ul class=\"wp-block-list\"><li><a href=\"https:\/\/drive.google.com\/open?id=1Slj6YwVS9wobc3JUsqLHwubFJ329Iqvo\">S\u00e9ance 1<\/a><\/li><li><a href=\"https:\/\/drive.google.com\/open?id=1SfvOSen_eim8g9lQ0gV57X4WAD2m2c7a\">S\u00e9ance 2<\/a><\/li><li><a href=\"https:\/\/drive.google.com\/open?id=1SfayzdGFz-GDVgqEhOEDLo47KQNc8yWR\">S\u00e9ance 3<\/a><\/li><li><a href=\"https:\/\/drive.google.com\/open?id=1SbuQzepDlYb_m34acOk39EbcbfpWx4I_\">S\u00e9ance 4<\/a><\/li><li><a href=\"https:\/\/drive.google.com\/open?id=1W-_IlfnoZKpIUL9ZCZxRx4j7YZ6LZroP\">S\u00e9ance 5<\/a><\/li><li><a href=\"https:\/\/drive.google.com\/open?id=1Vbfgi3Ra0ZWMb9zhGJ6OZIostiHS_tLG\">S\u00e9ance 6<\/a><\/li><\/ul>\n","protected":false},"excerpt":{"rendered":"<p>Voici les vid\u00e9os de gym pr\u00e9sent\u00e9es par Bernadette. De nouvelles s&rsquo;ajouteront au fur et \u00e0 mesure. S\u00e9ance 1 S\u00e9ance 2 S\u00e9ance 3 S\u00e9ance 4 S\u00e9ance 5 S\u00e9ance 6<\/p>\n","protected":false},"author":1,"featured_media":271,"parent":0,"menu_order":0,"comment_status":"closed","ping_status":"closed","template":"","meta":{"footnotes":""},"class_list":["post-270","page","type-page","status-publish","has-post-thumbnail","hentry"],"_links":{"self":[{"href":"https:\/\/addsna.123.fr\/index.php?rest_route=\/wp\/v2\/pages\/270","targetHints":{"allow":["GET"]}}],"collection":[{"href":"https:\/\/addsna.123.fr\/index.php?rest_route=\/wp\/v2\/pages"}],"about":[{"href":"https:\/\/addsna.123.fr\/index.php?rest_route=\/wp\/v2\/types\/page"}],"author":[{"embeddable":true,"href":"https:\/\/addsna.123.fr\/index.php?rest_route=\/wp\/v2\/users\/1"}],"replies":[{"embeddable":true,"href":"https:\/\/addsna.123.fr\/index.php?rest_route=%2Fwp%2Fv2%2Fcomments&post=270"}],"version-history":[{"count":2,"href":"https:\/\/addsna.123.fr\/index.php?rest_route=\/wp\/v2\/pages\/270\/revisions"}],"predecessor-version":[{"id":280,"href":"https:\/\/addsna.123.fr\/index.php?rest_route=\/wp\/v2\/pages\/270\/revisions\/280"}],"wp:featuredmedia":[{"embeddable":true,"href":"https:\/\/addsna.123.fr\/index.php?rest_route=\/wp\/v2\/media\/271"}],"wp:attachment":[{"href":"https:\/\/addsna.123.fr\/index.php?rest_route=%2Fwp%2Fv2%2Fmedia&parent=270"}],"curies":[{"name":"wp","href":"https:\/\/api.w.org\/{rel}","templated":true}]}}